{"id":162127,"date":"2022-12-07T10:47:21","date_gmt":"2022-12-07T09:47:21","guid":{"rendered":"https:\/\/trimakasi.eu\/?post_type=product&#038;p=162127"},"modified":"2025-06-28T20:21:26","modified_gmt":"2025-06-28T18:21:26","slug":"rohes-amethyst-armband","status":"publish","type":"product","link":"https:\/\/trimakasi.eu\/de\/product\/raw-amethyst-bracelet\/","title":{"rendered":"Rohes Amethystarmband f\u00fcr Damen"},"content":{"rendered":"<h3>Amethyst<\/h3>\n<p>Dieser violette kristallisierte Quarz war bis zur Entdeckung gro\u00dfer Vorr\u00e4ten in Lateinamerika ein hoch gesch\u00e4tzter Edelstein. Lila galt schon immer als eines der k\u00f6niglichen Statussymbole, daher ist Amethyst Teil  von mehreren Kr\u00f6nungsjuwelen geworden. Wenn wir in die Geschichte zur\u00fcckblicken, k\u00f6nnen wir feststellen, dass w\u00e4hrend die alten \u00c4gypter den Amethyst in den Kampf f\u00fcr die St\u00e4rkung des Mutes trugen, war es im Mittelalter f\u00fcr K\u00f6nige und Bisch\u00f6fe als Symbol der Majest\u00e4t.<\/p>\n<p>Amethyst ist ein Symbol f\u00fcr eine Reihe positiver Eigenschaften wie Wohlstand, Mut, geistige Reinheit und Freundschaft. Leonardo Da Vinci glaubte zum Beispiel, dass dieser Stein hilft, b\u00f6se Gedanken zu kontrollieren, die Intelligenz zu st\u00e4rken, das Denken zu beschleunigen und Menschen zu helfen, bei Gesch\u00e4ftsverhandlungen ein positives Ergebnis zu erzielen! Das hebr\u00e4ische Wort f\u00fcr Amethyst \u201eAklamah\u201c ist das gleiche Wort f\u00fcr \u201eTraum\u201c, das die F\u00e4higkeit dieses Steins ausdr\u00fcckt, bestimmte Tr\u00e4ume und Visionen anzuregen.<\/p>\n<p>Sternzeichen:\u00a0<strong>Jungfrau, Sch\u00fctze, Steinbock, Fisch<\/strong><\/p>\n<p>Element: <strong>Wasser, Luft, \u00c4ther<\/strong><\/p>\n<p>Armband harmonisiert das dritte Auge Chakra und das Kronenchakra<\/p>\n<p><img loading=\"lazy\" decoding=\"async\" class=\"alignnone wp-image-72748\" src=\"https:\/\/trimakasi.cz\/wp-content\/uploads\/2018\/07\/\u010dakra6.jpg\" alt=\"\" width=\"70\" height=\"67\" \/><img loading=\"lazy\" decoding=\"async\" class=\"alignnone wp-image-72749\" src=\"https:\/\/trimakasi.cz\/wp-content\/uploads\/2018\/07\/\u010dakra7.jpg\" alt=\"\" width=\"67\" height=\"74\" \/><\/p>\n<p><a href=\"https:\/\/trimakasi.eu\/de\/vlog\/\"><u>Besuchen Sie unseren Video-Blog und entdecken Sie die Verbindung zwischen Edelsteinen, Steinzeichen, Chakren und vieles mehr.<\/u><\/a><\/p>","protected":false},"excerpt":{"rendered":"<p>Anst\u00e4ndiges und bequemes Armband, das Sie nicht mehr ausziehen m\u00f6chten!<\/p>\n<p>Das Armbad ist aus hochwertigem Seidenkordel und rohem Edelstein hergestellt. Jeder Stein ist ein  Original und deshalbt verleiht die Originalit\u00e4t dem gesamten Schmuckst\u00fcck.<\/p>\n<p>Es ist in der Gr\u00f6\u00dfe verstellbar und passt daher jeder Frau.<\/p>\n<p>Erfahren Sie mehr \u00fcber Amethyst unten.<\/p>","protected":false},"featured_media":174558,"comment_status":"open","ping_status":"closed","template":"","meta":{"_acf_changed":false,"_themeisle_gutenberg_block_has_review":false},"product_brand":[],"product_cat":[569,1689,553],"product_tag":[],"class_list":{"0":"post-162127","1":"product","2":"type-product","3":"status-publish","4":"has-post-thumbnail","6":"product_cat-minimalist-jewellery-for-women","7":"product_cat-simple-bracelets","8":"product_cat-womens-jewellery","10":"first","11":"instock","12":"taxable","13":"shipping-taxable","14":"purchasable","15":"product-type-simple"},"acf":[],"_links":{"self":[{"href":"https:\/\/trimakasi.eu\/de\/wp-json\/wp\/v2\/product\/162127","targetHints":{"allow":["GET"]}}],"collection":[{"href":"https:\/\/trimakasi.eu\/de\/wp-json\/wp\/v2\/product"}],"about":[{"href":"https:\/\/trimakasi.eu\/de\/wp-json\/wp\/v2\/types\/product"}],"replies":[{"embeddable":true,"href":"https:\/\/trimakasi.eu\/de\/wp-json\/wp\/v2\/comments?post=162127"}],"wp:featuredmedia":[{"embeddable":true,"href":"https:\/\/trimakasi.eu\/de\/wp-json\/wp\/v2\/media\/174558"}],"wp:attachment":[{"href":"https:\/\/trimakasi.eu\/de\/wp-json\/wp\/v2\/media?parent=162127"}],"wp:term":[{"taxonomy":"product_brand","embeddable":true,"href":"https:\/\/trimakasi.eu\/de\/wp-json\/wp\/v2\/product_brand?post=162127"},{"taxonomy":"product_cat","embeddable":true,"href":"https:\/\/trimakasi.eu\/de\/wp-json\/wp\/v2\/product_cat?post=162127"},{"taxonomy":"product_tag","embeddable":true,"href":"https:\/\/trimakasi.eu\/de\/wp-json\/wp\/v2\/product_tag?post=162127"}],"curies":[{"name":"wp","href":"https:\/\/api.w.org\/{rel}","templated":true}]}}