{"id":162119,"date":"2022-01-07T10:20:11","date_gmt":"2022-01-07T09:20:11","guid":{"rendered":"https:\/\/trimakasi.eu\/?post_type=product&#038;p=162119"},"modified":"2024-08-08T12:17:43","modified_gmt":"2024-08-08T10:17:43","slug":"rohkarneol-armband","status":"publish","type":"product","link":"https:\/\/trimakasi.eu\/de\/product\/raw-carnelian-bracelet\/","title":{"rendered":"Rohes Karneolarmband f\u00fcr Damen"},"content":{"rendered":"<h3>Karneol<\/h3>\n<p>Karneol ist ein Sonnenstein, der die Sonnenenergie absorbiert und die warme, strahlende Farbe gewonnen hat. Er ist bekannt als der Stein der Motivation, Ausdauer, F\u00fchrung und des Mutes, sch\u00fctzt und inspiriert Karneol die Menschheit w\u00e4hrend ihrer gesamten Geschichte. Antike Krieger trugen Karneol um den Hals, um ihnen Mut und k\u00f6rperliche St\u00e4rke zu geben, um ihre Feinde zu besiegen. Karneol bringt den n\u00f6tigen Mut, um die Schwierigkeiten zu \u00fcberwinden und unterst\u00fctzt Idealismus, Pragmatismus und positive Lebensver\u00e4nderungen.<\/p>\n<p>Traditionell soll Karneol seinen Tr\u00e4ger vor herabfallenden Gegenst\u00e4nden und Verletzungen durch Arbeitsunf\u00e4lle sch\u00fctzen. Es wird auch gesagt, dass Karneol Wohlstand und Gl\u00fcck anzieht. Karneol unterst\u00fctzt die Akzeptanz des Kreislaufs des Lebens und hilft, die Angst vor dem Tod zu beseitigen. Als uralter Stein wurde er oft verwendet, um die Toten auf ihrem Weg ins Jenseits zu besch\u00fctzen. Es wurde auch angenommen, dass dieser Stein dazu beitragen kann, die Durchblutung lebenswichtiger Organe zu verbessern.<\/p>\n<p>Element: <strong>Feuer<\/strong><\/p>\n<p>Sternzeichen: <strong>Steinbock, Jungfrau, Krebs<\/strong><\/p>\n<p>Dieses Armband harmonisiert Wurzel- und Sakralchakra.<\/p>\n<p><a href=\"https:\/\/trimakasi.eu\/wp-content\/uploads\/\u010dakra1.jpg\"><img loading=\"lazy\" decoding=\"async\" class=\"alignnone size-full wp-image-138513\" src=\"https:\/\/trimakasi.eu\/wp-content\/uploads\/\u010dakra1.jpg\" alt=\"Wurzelchakra\" width=\"81\" height=\"88\" srcset=\"https:\/\/trimakasi.eu\/wp-content\/uploads\/\u010dakra1.jpg 81w, https:\/\/trimakasi.eu\/wp-content\/uploads\/\u010dakra1-11x12.jpg 11w\" sizes=\"auto, (max-width: 81px) 100vw, 81px\" \/><\/a><a href=\"https:\/\/trimakasi.eu\/wp-content\/uploads\/\u010dakra2.jpg\"><img loading=\"lazy\" decoding=\"async\" class=\"alignnone size-full wp-image-138514\" src=\"https:\/\/trimakasi.eu\/wp-content\/uploads\/\u010dakra2.jpg\" alt=\"Sakralchakra\" width=\"76\" height=\"96\" srcset=\"https:\/\/trimakasi.eu\/wp-content\/uploads\/\u010dakra2.jpg 76w, https:\/\/trimakasi.eu\/wp-content\/uploads\/\u010dakra2-10x12.jpg 10w\" sizes=\"auto, (max-width: 76px) 100vw, 76px\" \/><\/a><\/p>\n<p><a href=\"https:\/\/trimakasi.eu\/de\/vlog\/\"><u>Besuchen Sie unseren Video-Blog und entdecken Sie die Verbindung zwischen Edelsteinen, Steinzeichen, Chakren und vieles mehr.<\/u><\/a><\/p>","protected":false},"excerpt":{"rendered":"<p>Anst\u00e4ndiges und bequemes Armband, das Sie nicht mehr ausziehen m\u00f6chten!<\/p>\n<p>Das Armbad ist aus hochwertigem Seidenkordel und rohem Edelstein Karneol hergestellt. Jeder Stein ist ein  Original und deshalbt verleiht die Originalit\u00e4t dem gesamten Schmuckst\u00fcck.<\/p>\n<p>Es ist in der Gr\u00f6\u00dfe verstellbar und passt daher jeder Frau.<\/p>\n<p>Erfahren Sie unten mehr \u00fcber den Karneol-Edelstein.<\/p>","protected":false},"featured_media":174177,"comment_status":"open","ping_status":"closed","template":"","meta":{"_acf_changed":false,"_themeisle_gutenberg_block_has_review":false},"product_brand":[],"product_cat":[569,1689,553],"product_tag":[],"class_list":{"0":"post-162119","1":"product","2":"type-product","3":"status-publish","4":"has-post-thumbnail","6":"product_cat-minimalist-jewellery-for-women","7":"product_cat-simple-bracelets","8":"product_cat-womens-jewellery","10":"first","11":"instock","12":"taxable","13":"shipping-taxable","14":"purchasable","15":"product-type-simple"},"acf":[],"_links":{"self":[{"href":"https:\/\/trimakasi.eu\/de\/wp-json\/wp\/v2\/product\/162119","targetHints":{"allow":["GET"]}}],"collection":[{"href":"https:\/\/trimakasi.eu\/de\/wp-json\/wp\/v2\/product"}],"about":[{"href":"https:\/\/trimakasi.eu\/de\/wp-json\/wp\/v2\/types\/product"}],"replies":[{"embeddable":true,"href":"https:\/\/trimakasi.eu\/de\/wp-json\/wp\/v2\/comments?post=162119"}],"wp:featuredmedia":[{"embeddable":true,"href":"https:\/\/trimakasi.eu\/de\/wp-json\/wp\/v2\/media\/174177"}],"wp:attachment":[{"href":"https:\/\/trimakasi.eu\/de\/wp-json\/wp\/v2\/media?parent=162119"}],"wp:term":[{"taxonomy":"product_brand","embeddable":true,"href":"https:\/\/trimakasi.eu\/de\/wp-json\/wp\/v2\/product_brand?post=162119"},{"taxonomy":"product_cat","embeddable":true,"href":"https:\/\/trimakasi.eu\/de\/wp-json\/wp\/v2\/product_cat?post=162119"},{"taxonomy":"product_tag","embeddable":true,"href":"https:\/\/trimakasi.eu\/de\/wp-json\/wp\/v2\/product_tag?post=162119"}],"curies":[{"name":"wp","href":"https:\/\/api.w.org\/{rel}","templated":true}]}}