{"id":159514,"date":"2020-07-04T18:46:43","date_gmt":"2020-07-04T16:46:43","guid":{"rendered":"https:\/\/trimakasi.eu\/?post_type=product&#038;p=159514"},"modified":"2025-09-03T21:02:08","modified_gmt":"2025-09-03T19:02:08","slug":"labradorit-matt-armband","status":"publish","type":"product","link":"https:\/\/trimakasi.eu\/de\/product\/labradorite-matte-bracelet\/","title":{"rendered":"Labradorit \u2013 mattes Armband"},"content":{"rendered":"<h3>Labradorit \u2013 Wirkung<\/h3>\n<p id=\"tw-target-text\" class=\"tw-data-text tw-ta tw-text-small\" dir=\"ltr\" data-placeholder=\"P\u0159eklad\"><span lang=\"en\" tabindex=\"0\">Labradorit ist bei Menschen auf der ganzen Welt auf allen Ebenen ihrer spirituellen Reise zu einem sehr beliebten Stein geworden. Es ist ein Stein von Schamanen, Druiden, Heilern und allen, die ein tieferes Verst\u00e4ndnis dieser Welt und tieferes spirituelles Wissen suchen. Labradorit entz\u00fcndet das Feuer der Fatasie,  beruhigt die Meschen und schafft die Angst ab. <\/span><\/p>\n<p class=\"tw-data-text tw-ta tw-text-small\" dir=\"ltr\" data-placeholder=\"P\u0159eklad\"><span lang=\"en\" tabindex=\"0\">Nach den Legenden der indigenen Inuit-St\u00e4mme wurde Labradorit durch einen Sturz aus der Aurora Borealis geschaffen, dem mysteri\u00f6sen Licht, das die \u201ereale Welt\u201c von der Welt hinter dem Vorhang trennt. Labradorit ist ein starker Besch\u00fctzer der menschlichen Aura, der das Austreten seiner Energie und jegliches Abflie\u00dfen Ihrer pers\u00f6nlichen Energie verhindert.<\/span><\/p>\n<p>Element: <strong>Wasser<\/strong><\/p>\n<p>Sternzeichen:<strong> Waage, Krebs, Steinbock<\/strong><\/p>\n<p>Das Armband harmonisiert alle Chakren.<\/p>\n<p><a href=\"https:\/\/trimakasi.eu\/de\/vlog\/\"><u>Besuchen Sie unseren Video-Blog und entdecken Sie die Verbindung zwischen Edelsteinen, Steinzeichen, Chakren und vieles mehr.<\/u><\/a><\/p>","protected":false},"excerpt":{"rendered":"<p class=\"tw-data-text tw-ta tw-text-small\" dir=\"ltr\" data-placeholder=\"P\u0159eklad\"><span lang=\"en\" tabindex=\"0\">Labradorit-Edelstein hat die einzigartige F\u00e4higkeit, gelegentlich Regenbogenreflexionen zu erzeugen, die ein bisschen wie Aurora Borealis aussehen. <\/span>Erfahren Sie unten mehr \u00fcber dieses Armband.<\/p>\n<p>W\u00e4hlen Sie ein Armband nach Gr\u00f6\u00dfe und Farbe der letzten Perle. <a href=\"https:\/\/trimakasi.eu\/de\/wie-man-die-armbandgrose-wahlt\/\">Anweisungen zur korrekten Bestimmung der Gr\u00f6\u00dfe finden Sie hier.<\/a><\/p>","protected":false},"featured_media":159529,"comment_status":"open","ping_status":"closed","template":"","meta":{"_acf_changed":false,"_themeisle_gutenberg_block_has_review":false},"product_brand":[],"product_cat":[1687,1064,554,1068,553],"product_tag":[],"class_list":{"0":"post-159514","1":"product","2":"type-product","3":"status-publish","4":"has-post-thumbnail","6":"product_cat-elastic-bracelets","7":"product_cat-mens-jewellery","8":"product_cat-natural-gemstone-bracelets","9":"product_cat-natural-gemstone-bracelets-for-men","10":"product_cat-womens-jewellery","12":"first","13":"instock","14":"taxable","15":"shipping-taxable","16":"purchasable","17":"product-type-variable","18":"has-default-attributes"},"acf":[],"_links":{"self":[{"href":"https:\/\/trimakasi.eu\/de\/wp-json\/wp\/v2\/product\/159514","targetHints":{"allow":["GET"]}}],"collection":[{"href":"https:\/\/trimakasi.eu\/de\/wp-json\/wp\/v2\/product"}],"about":[{"href":"https:\/\/trimakasi.eu\/de\/wp-json\/wp\/v2\/types\/product"}],"replies":[{"embeddable":true,"href":"https:\/\/trimakasi.eu\/de\/wp-json\/wp\/v2\/comments?post=159514"}],"wp:featuredmedia":[{"embeddable":true,"href":"https:\/\/trimakasi.eu\/de\/wp-json\/wp\/v2\/media\/159529"}],"wp:attachment":[{"href":"https:\/\/trimakasi.eu\/de\/wp-json\/wp\/v2\/media?parent=159514"}],"wp:term":[{"taxonomy":"product_brand","embeddable":true,"href":"https:\/\/trimakasi.eu\/de\/wp-json\/wp\/v2\/product_brand?post=159514"},{"taxonomy":"product_cat","embeddable":true,"href":"https:\/\/trimakasi.eu\/de\/wp-json\/wp\/v2\/product_cat?post=159514"},{"taxonomy":"product_tag","embeddable":true,"href":"https:\/\/trimakasi.eu\/de\/wp-json\/wp\/v2\/product_tag?post=159514"}],"curies":[{"name":"wp","href":"https:\/\/api.w.org\/{rel}","templated":true}]}}