{"id":157832,"date":"2023-11-27T10:43:46","date_gmt":"2023-11-27T09:43:46","guid":{"rendered":"https:\/\/trimakasi.eu\/?post_type=product&#038;p=157832"},"modified":"2026-04-13T00:09:38","modified_gmt":"2026-04-12T22:09:38","slug":"halskette-fur-herren-schwarz-obsidian","status":"publish","type":"product","link":"https:\/\/trimakasi.eu\/de\/product\/necklace-for-men-black-obsidian\/","title":{"rendered":"Kristallhalskette f\u00fcr M\u00e4nner \u2013 Obsidian"},"content":{"rendered":"<div class=\"video video-fit mb\" style=\"padding-top:56.25%;\"><p><iframe loading=\"lazy\" title=\"Kristallhalsketten f\u00fcr M\u00e4nner Trimakasi \/ N\u00e1hrdeln\u00edky pro mu\u017ee Trimakasi\" width=\"1020\" height=\"574\" src=\"https:\/\/www.youtube.com\/embed\/z70WqxmBk1E?feature=oembed\" frameborder=\"0\" allow=\"accelerometer; autoplay; clipboard-write; encrypted-media; gyroscope; picture-in-picture\" allowfullscreen><\/iframe><\/p>\n<\/div>\n<h3>Schwarzer Obsidian<\/h3>\n<p>Obsidian is a special form of natural gemstone, which is created by the rapid cooling of the hot lava on the earth&#8217;s surface. It has been used by mankind since the Stone Age, when hunters made the tips of their weapons from its sharp chips. This stone was also valued among the ancient Aztecs, who called him &#8220;God&#8217;s Stone&#8221;. Their sacred dagger, designed for their infamous ritual of performing human sacrifices to the gods, was made of this stone.<\/p>\n<p>Schwarzer Onyx, schwarzer Turmalin und schwarzer Obsidian gelten aufgrund ihrer dunklen Farbe als traditionelle Schutzsteine. Sie k\u00f6nnen Sie mit der sch\u00fctzenden Atmosph\u00e4re umgeben, die die gesamte Negativit\u00e4t Ihrer Umgebung absorbiert. Vor allem helfen sie, negative Gedankenmuster zu \u00fcberwinden, die sich aus den schw\u00e4chsten und giftigsten Emotionen ergeben - aus Angst.<\/p>\n<p>Element: <strong>Feuer<\/strong><\/p>\n<p>Sternzeichen:\u00a0<strong>Sch\u00fctze, Skorpion<\/strong><\/p>\n<p>Das Armband harmonisiert das Wurzelchakra.<\/p>\n<p><a href=\"https:\/\/trimakasi.eu\/wp-content\/uploads\/\u010dakra1.jpg\"><img loading=\"lazy\" decoding=\"async\" class=\"alignnone size-full wp-image-138513\" src=\"https:\/\/trimakasi.eu\/wp-content\/uploads\/\u010dakra1.jpg\" alt=\"Wurzelchakra\" width=\"81\" height=\"88\" srcset=\"https:\/\/trimakasi.eu\/wp-content\/uploads\/\u010dakra1.jpg 81w, https:\/\/trimakasi.eu\/wp-content\/uploads\/\u010dakra1-11x12.jpg 11w\" sizes=\"auto, (max-width: 81px) 100vw, 81px\" \/><\/a><\/p>\n<p><a href=\"https:\/\/trimakasi.eu\/de\/vlog\/\"><u>Besuchen Sie unseren Video-Blog und entdecken Sie die Verbindung zwischen Edelsteinen, Steinzeichen, Chakren und vieles mehr.<\/u><\/a><\/p>","protected":false},"excerpt":{"rendered":"<p>Entdecken Sie unsere Obsidian-Kristall-Halskette f\u00fcr Herren, ein wahrer Beweis f\u00fcr St\u00e4rke und Schutz. Die Halskette verf\u00fcgt \u00fcber einen auff\u00e4lligen sechseckigen Anh\u00e4nger aus nat\u00fcrlichem schwarzem Obsidian, einem seltenen Edelstein, der durch vulkanische Aktivit\u00e4t entstanden ist.<\/p>\n<p>Das Tragen eines schwarzen Kristallanh\u00e4ngers ist wie das Tragen Ihres pers\u00f6nlichen Besch\u00fctzers, da der Obsidian angeblich eine sch\u00fctzende Aura erzeugt, die Sie vor Negativit\u00e4t sch\u00fctzt. Stellen Sie sich vor, Sie laufen umher, gest\u00e4rkt gegen alle negativen Schwingungen. Interessiert? Erfahren Sie unten mehr \u00fcber die Eigenschaften dieses vulkanischen Edelsteins.<\/p>\n<p>Kettenl\u00e4nge: 69 cm oder 80 cm<\/p>\n<p>Farbe und Material der Kette: Edelstahl mit PVD schwarzer Beschichtung<br \/>\nSteinma\u00dfe: ca. 3,5 cm x 1 cm<\/p>","protected":false},"featured_media":163112,"comment_status":"open","ping_status":"closed","template":"","meta":{"_acf_changed":false,"_themeisle_gutenberg_block_has_review":false},"product_brand":[],"product_cat":[1064,1150,1690],"product_tag":[],"class_list":{"0":"post-157832","1":"product","2":"type-product","3":"status-publish","4":"has-post-thumbnail","6":"product_cat-mens-jewellery","7":"product_cat-necklaces-for-men","8":"product_cat-necklaces","10":"first","11":"instock","12":"taxable","13":"shipping-taxable","14":"purchasable","15":"product-type-variable","16":"has-default-attributes"},"acf":[],"_links":{"self":[{"href":"https:\/\/trimakasi.eu\/de\/wp-json\/wp\/v2\/product\/157832","targetHints":{"allow":["GET"]}}],"collection":[{"href":"https:\/\/trimakasi.eu\/de\/wp-json\/wp\/v2\/product"}],"about":[{"href":"https:\/\/trimakasi.eu\/de\/wp-json\/wp\/v2\/types\/product"}],"replies":[{"embeddable":true,"href":"https:\/\/trimakasi.eu\/de\/wp-json\/wp\/v2\/comments?post=157832"}],"wp:featuredmedia":[{"embeddable":true,"href":"https:\/\/trimakasi.eu\/de\/wp-json\/wp\/v2\/media\/163112"}],"wp:attachment":[{"href":"https:\/\/trimakasi.eu\/de\/wp-json\/wp\/v2\/media?parent=157832"}],"wp:term":[{"taxonomy":"product_brand","embeddable":true,"href":"https:\/\/trimakasi.eu\/de\/wp-json\/wp\/v2\/product_brand?post=157832"},{"taxonomy":"product_cat","embeddable":true,"href":"https:\/\/trimakasi.eu\/de\/wp-json\/wp\/v2\/product_cat?post=157832"},{"taxonomy":"product_tag","embeddable":true,"href":"https:\/\/trimakasi.eu\/de\/wp-json\/wp\/v2\/product_tag?post=157832"}],"curies":[{"name":"wp","href":"https:\/\/api.w.org\/{rel}","templated":true}]}}