{"id":132771,"date":"2020-06-08T13:43:18","date_gmt":"2020-06-08T11:43:18","guid":{"rendered":"https:\/\/trimakasi.eu\/?post_type=product&#038;p=132771"},"modified":"2025-08-16T18:20:34","modified_gmt":"2025-08-16T16:20:34","slug":"herren-kette-halskette-kugel","status":"publish","type":"product","link":"https:\/\/trimakasi.eu\/de\/product\/mens-chain-necklace-bullet\/","title":{"rendered":"Herren Halskette Bullet"},"content":{"rendered":"<h3>Halskette Kugel<\/h3>\n<p>Stilvolles Modeaccessoire f\u00fcr M\u00e4nner. Die Kugel ist hohl und abschraubbar \u2013 sie kann als Geheimversteck dienen!<br \/>\nDie Kette wird in einer kleinen Schutztasche mit dem Trimakasi-Logo geliefert.<\/p>","protected":false},"excerpt":{"rendered":"<div>Herrenhalskette mit Anh\u00e4nger: Kugel. Langlebiger Schmuck f\u00fcr M\u00e4nner, der gegen Wasser oder Schwei\u00df best\u00e4ndig ist. Erfahren Sie unten mehr \u00fcber diese Halskette.<\/div>\n<div><\/div>\n<div>Kettenl\u00e4nge: 56 cm<\/div>\n<div><\/div>\n<div>Material Kette\/Anh\u00e4nger: Edelstahl<\/div>","protected":false},"featured_media":132766,"comment_status":"open","ping_status":"closed","template":"","meta":{"_acf_changed":false,"_themeisle_gutenberg_block_has_review":false},"product_brand":[],"product_cat":[1064,1150,1690],"product_tag":[],"class_list":{"0":"post-132771","1":"product","2":"type-product","3":"status-publish","4":"has-post-thumbnail","6":"product_cat-mens-jewellery","7":"product_cat-necklaces-for-men","8":"product_cat-necklaces","10":"first","11":"outofstock","12":"taxable","13":"shipping-taxable","14":"purchasable","15":"product-type-simple"},"acf":[],"_links":{"self":[{"href":"https:\/\/trimakasi.eu\/de\/wp-json\/wp\/v2\/product\/132771","targetHints":{"allow":["GET"]}}],"collection":[{"href":"https:\/\/trimakasi.eu\/de\/wp-json\/wp\/v2\/product"}],"about":[{"href":"https:\/\/trimakasi.eu\/de\/wp-json\/wp\/v2\/types\/product"}],"replies":[{"embeddable":true,"href":"https:\/\/trimakasi.eu\/de\/wp-json\/wp\/v2\/comments?post=132771"}],"wp:featuredmedia":[{"embeddable":true,"href":"https:\/\/trimakasi.eu\/de\/wp-json\/wp\/v2\/media\/132766"}],"wp:attachment":[{"href":"https:\/\/trimakasi.eu\/de\/wp-json\/wp\/v2\/media?parent=132771"}],"wp:term":[{"taxonomy":"product_brand","embeddable":true,"href":"https:\/\/trimakasi.eu\/de\/wp-json\/wp\/v2\/product_brand?post=132771"},{"taxonomy":"product_cat","embeddable":true,"href":"https:\/\/trimakasi.eu\/de\/wp-json\/wp\/v2\/product_cat?post=132771"},{"taxonomy":"product_tag","embeddable":true,"href":"https:\/\/trimakasi.eu\/de\/wp-json\/wp\/v2\/product_tag?post=132771"}],"curies":[{"name":"wp","href":"https:\/\/api.w.org\/{rel}","templated":true}]}}