{"id":119141,"date":"2020-05-25T18:18:25","date_gmt":"2020-05-25T16:18:25","guid":{"rendered":"https:\/\/trimakasi.eu\/?post_type=product&#038;p=119141"},"modified":"2025-02-11T10:29:41","modified_gmt":"2025-02-11T09:29:41","slug":"dharma-geflochtenes-armband","status":"publish","type":"product","link":"https:\/\/trimakasi.eu\/de\/product\/dharma-braided-bracelet\/","title":{"rendered":"Dharma geflochtenes Armband"},"content":{"rendered":"<h3>Trimakasi geflochtene Armb\u00e4nder<\/h3>\n<p>Handgefertigte Luxusarmb\u00e4nder, die Spiritualit\u00e4t und Moderne verbinden. Trimakasi-Armb\u00e4nder sind Talismane der Dankbarkeit, des Gleichgewichts und der Hoffnung, die Sie auch in den dunkelsten Tagen mit positiver Energie aufladen.<\/p>\n<p>Geflochtene Trimakasi-Armb\u00e4nder bestehen aus Nylonschnur h\u00f6chster Qualit\u00e4t, die mit speziellen Knoten gebunden ist. Sie enthalten die verborgene Kraft der Natur in den Perlen aus nat\u00fcrlichen Edelsteinen.<\/p>\n<h3>Dharma<\/h3>\n<p>Dharma ist ein philosophisches Konzept, das sowohl vom Buddhismus als auch vom Hinduismus verwendet wird. In seiner urspr\u00fcnglichen Bedeutung enth\u00e4lt es die Grundgesetze der Natur, die auf alles im Universum angewendet werden k\u00f6nnen. Zum Beispiel soll das Dharma des Feuers hei\u00df sein und brennen, w\u00e4hrend das Dharma des Eises kalt und k\u00fchl sein soll. Mit anderen Worten, das Wort Dharma beschreibt, was Ihre wahre Natur ist.<\/p>\n<p>Der Schl\u00fcssel zum Verst\u00e4ndnis Ihres Dharma kann Meditation sein, die Reise in Ihr Inneres. Nicht jeder kennt oder versteht sein Dharma und Sie k\u00f6nnen sich leicht in einer Lebensrolle wiederfinden, die Ihnen nicht geh\u00f6rt. Dies kann zu allgemeiner Unzufriedenheit mit dem eigenen Leben und zu einem Gef\u00fchl von Burnout f\u00fchren.<\/p>\n<h3>Pietersite (Adlerauge)<\/h3>\n<p>Dieser Edelstein wurde im Jahre 1962 in  Namibia entdeckt, das auch der einzige Ort auf der Erde ist, an dem er sich befindet. Pietersite enth\u00e4lt unter anderem Jaspis, ein Falkenauge und ein Tigerauge, indem der Grund f\u00fcr seine goldenen Reflexionen liegt. Die einzigartigen Farbmuster dieses Steins f\u00fchrten dazu, dass er mit den nat\u00fcrlichen Elementen, insbesondere St\u00fcrmen, verglichen wurde. Pietersite regt die Kreativit\u00e4t an und hilft uns, unsere Gedanken besser zu organisieren.<\/p>\n<p>Die Energie vo der Alderauge ruft auch Selbstvertrauen und innere St\u00e4rke hervor und erinnert uns daran, dass wir alles erreichen k\u00f6nnen, was wir uns w\u00fcnschen, wenn wir bereit sind, hart mit uns selbst zu arbeiten. Pietersite hilft uns zu erkennen, dass wir nicht nur Beobachter unseres Lebens sind, sondern vor allem diejenigen, die unseres Leben steuern. Viele Heiler und Schamanen nutzen diesen Stein, um ihre metaphysische F\u00e4higkeiten zu stimulieren.<\/p>\n<p>Herkunftsland: <strong>Namibia<\/strong><\/p>\n<p>Element:<strong> Feuer Wasser<\/strong><\/p>\n<p>Sternzeichen:<strong> L\u00f6we, Jungfrau, Zwillinge, Skorpion, Fische, Wassermann, Steinbock, Krebs, Stier, Widder<\/strong><\/p>\n<p>Das Armband harmonisiert Wurzel-, Sakral-, Solarplexus- und Third-Eye-Chakren<\/p>\n<p><img loading=\"lazy\" decoding=\"async\" class=\"alignnone wp-image-72742\" src=\"https:\/\/trimakasi.cz\/wp-content\/uploads\/2018\/08\/\u010dakra1.jpg\" alt=\"Z\u00e1kladn\u00ed \u010dakra\" width=\"69\" height=\"75\" \/><img loading=\"lazy\" decoding=\"async\" class=\"alignnone wp-image-72744\" src=\"https:\/\/trimakasi.cz\/wp-content\/uploads\/2018\/07\/\u010dakra2.jpg\" alt=\"Sakr\u00e1ln\u00ed \u010dakra\" width=\"67\" height=\"86\" \/><img loading=\"lazy\" decoding=\"async\" class=\"alignnone wp-image-72745\" src=\"https:\/\/trimakasi.cz\/wp-content\/uploads\/2018\/07\/\u010dakra3.jpg\" alt=\"Solarplexus \u010dakra\" width=\"65\" height=\"73\" \/><img loading=\"lazy\" decoding=\"async\" class=\"alignnone wp-image-72748\" src=\"https:\/\/trimakasi.cz\/wp-content\/uploads\/2018\/07\/\u010dakra6.jpg\" alt=\"akra t\u0159et\u00edho oka\" width=\"83\" height=\"79\" \/><\/p>\n<p><a href=\"https:\/\/trimakasi.eu\/de\/vlog\/\"><u>Besuchen Sie unseren Video-Blog und entdecken Sie die Verbindung zwischen Edelsteinen, Steinzeichen, Chakren und vieles mehr.<\/u><\/a><\/p>","protected":false},"excerpt":{"rendered":"<p>Dharma ist die h\u00f6chste kosmische Ordnung, die uns die wahre Essenz von allem im Universum zeigt. Es lehrt uns, dass jeder Einzelne in seinem Leben eine bestimmte Bestimmung hat, die er zu erf\u00fcllen versuchen sollte, um Harmonie zu erreichen. Dieses Trimakasi-Armband aus mystischen Pietersit-Perlen kann als Ihr pers\u00f6nlicher Dharma-Talisman dienen, der Sie in Zeiten der Not an Ihre wahre Natur erinnert. Erfahren Sie unten mehr \u00fcber die Eigenschaften dieses Armbands.<\/p>\n<p>Geflochtenes Armband ist nach der Gr\u00f6\u00dfe verstellbar. Wir empfehlen jedoch, es entsprechend der Gr\u00f6\u00dfe Ihres Handgelenkumfangs auszuw\u00e4hlen. <u><a href=\"https:\/\/trimakasi.eu\/de\/wie-man-die-armbandgrose-wahlt\/\">Anweisungen zur korrekten Bestimmung von<\/a><\/u><u><\/u><a href=\"https:\/\/trimakasi.eu\/de\/wie-man-die-armbandgrose-wahlt\/\"><u>der Gr\u00f6\u00dfe finden Sie hier<\/u><\/a><\/p>","protected":false},"featured_media":119339,"comment_status":"open","ping_status":"closed","template":"","meta":{"_acf_changed":false,"_themeisle_gutenberg_block_has_review":false},"product_brand":[],"product_cat":[1688,570,1069,1064,553],"product_tag":[],"class_list":{"0":"post-119141","1":"product","2":"type-product","3":"status-publish","4":"has-post-thumbnail","6":"product_cat-braided-bracelets","7":"product_cat-braided-bracelets-for-women","8":"product_cat-braided-bracelets-for-men","9":"product_cat-mens-jewellery","10":"product_cat-womens-jewellery","12":"first","13":"outofstock","14":"taxable","15":"shipping-taxable","16":"purchasable","17":"product-type-variable","18":"has-default-attributes"},"acf":[],"_links":{"self":[{"href":"https:\/\/trimakasi.eu\/de\/wp-json\/wp\/v2\/product\/119141","targetHints":{"allow":["GET"]}}],"collection":[{"href":"https:\/\/trimakasi.eu\/de\/wp-json\/wp\/v2\/product"}],"about":[{"href":"https:\/\/trimakasi.eu\/de\/wp-json\/wp\/v2\/types\/product"}],"replies":[{"embeddable":true,"href":"https:\/\/trimakasi.eu\/de\/wp-json\/wp\/v2\/comments?post=119141"}],"wp:featuredmedia":[{"embeddable":true,"href":"https:\/\/trimakasi.eu\/de\/wp-json\/wp\/v2\/media\/119339"}],"wp:attachment":[{"href":"https:\/\/trimakasi.eu\/de\/wp-json\/wp\/v2\/media?parent=119141"}],"wp:term":[{"taxonomy":"product_brand","embeddable":true,"href":"https:\/\/trimakasi.eu\/de\/wp-json\/wp\/v2\/product_brand?post=119141"},{"taxonomy":"product_cat","embeddable":true,"href":"https:\/\/trimakasi.eu\/de\/wp-json\/wp\/v2\/product_cat?post=119141"},{"taxonomy":"product_tag","embeddable":true,"href":"https:\/\/trimakasi.eu\/de\/wp-json\/wp\/v2\/product_tag?post=119141"}],"curies":[{"name":"wp","href":"https:\/\/api.w.org\/{rel}","templated":true}]}}