{"id":118938,"date":"2020-12-24T16:41:27","date_gmt":"2020-12-24T15:41:27","guid":{"rendered":"https:\/\/trimakasi.eu\/?post_type=product&#038;p=118938"},"modified":"2024-03-25T19:14:42","modified_gmt":"2024-03-25T18:14:42","slug":"tibetisches-dzi-armband","status":"publish","type":"product","link":"https:\/\/trimakasi.eu\/de\/product\/tibetan-dzi-bracelet\/","title":{"rendered":"Tibetisches Dzi Armband"},"content":{"rendered":"<h3>Tibetische Achatperlen Dzi<\/h3>\n<p>Dzi (ausgesprochen Zi) ist ein tibetisches Wort, das verwendet wird, um gemusterte Perlen zu beschreiben, die normalerweise aus Achat bestehen. Diese Perlen werden traditionell zum Schutz vor negativen Energien, Krankheiten oder Unf\u00e4llen verwendet, aber auch als Talismane, die Weisheit, Gl\u00fcck und Wohlstand anziehen sollen.<\/p>\n<p>Legenden zufolge k\u00f6nnen Dzi-Perlen Energie nicht nur abweisen, sondern auch speichern. W\u00e4hrend sie negative Energie aus Ihrer Umgebung blockieren, absorbieren sie einen Teil Ihrer positiven Energie und speichern sie f\u00fcr schwierigere Zeiten f\u00fcr Sie.<\/p>\n<p>Achate f\u00f6rdern im Allgemeinen innere Stabilit\u00e4t, Ruhe und geistige Reife. Ihre angenehmen Vibrationen haben sch\u00fctzende Eigenschaften, unterst\u00fctzen das Selbstbewusstsein und sorgen f\u00fcr ein Gef\u00fchl der Sicherheit.<\/p>\n<p>Element: <strong>Feuer<\/strong><\/p>\n<p>Sternzeichen: <strong>Jungfrau, Zwillinge, Skorpion, Fische, Wassermann, Steinbock, Krebs, Stier, Widder<\/strong><\/p>\n<p>Dieses Armband harmonisiert das Wurzelchakra<\/p>\n<p><a href=\"https:\/\/trimakasi.eu\/wp-content\/uploads\/\u010dakra1.jpg\"><img loading=\"lazy\" decoding=\"async\" class=\"alignnone size-full wp-image-138513\" src=\"https:\/\/trimakasi.eu\/wp-content\/uploads\/\u010dakra1.jpg\" alt=\"Wurzelchakra\" width=\"81\" height=\"88\" srcset=\"https:\/\/trimakasi.eu\/wp-content\/uploads\/\u010dakra1.jpg 81w, https:\/\/trimakasi.eu\/wp-content\/uploads\/\u010dakra1-11x12.jpg 11w\" sizes=\"auto, (max-width: 81px) 100vw, 81px\" \/><\/a><\/p>\n<p><a href=\"https:\/\/trimakasi.eu\/de\/vlog\/\"><u>Besuchen Sie unseren Video-Blog und entdecken Sie die Verbindung zwischen Edelsteinen, Steinzeichen, Chakren und vieles mehr.<\/u><\/a><\/p>","protected":false},"excerpt":{"rendered":"<p>Tibetisches DZI-Armband aus Achat. Spiritueller Schmuck, der in der orientalischen Kultur wegen seiner Schutzwirkung verwendet wird. Erfahren Sie unten mehr \u00fcber die Eigenschaften dieses Steins.<\/p>\n<p>W\u00e4hlen Sie ein Armband nach Gr\u00f6\u00dfe und Farbe der letzten Perle.\u00a0<a href=\"https:\/\/trimakasi.eu\/de\/wie-man-die-armbandgrose-wahlt\/\">Anweisungen zur korrekten Bestimmung der Gr\u00f6\u00dfe finden Sie hier.<\/a><\/p>","protected":false},"featured_media":119133,"comment_status":"open","ping_status":"closed","template":"","meta":{"_acf_changed":false,"_themeisle_gutenberg_block_has_review":false},"product_brand":[],"product_cat":[1687,1064,1068,554,553],"product_tag":[],"class_list":{"0":"post-118938","1":"product","2":"type-product","3":"status-publish","4":"has-post-thumbnail","6":"product_cat-elastic-bracelets","7":"product_cat-mens-jewellery","8":"product_cat-natural-gemstone-bracelets-for-men","9":"product_cat-natural-gemstone-bracelets","10":"product_cat-womens-jewellery","12":"first","13":"outofstock","14":"taxable","15":"shipping-taxable","16":"purchasable","17":"product-type-variable","18":"has-default-attributes"},"acf":[],"_links":{"self":[{"href":"https:\/\/trimakasi.eu\/de\/wp-json\/wp\/v2\/product\/118938","targetHints":{"allow":["GET"]}}],"collection":[{"href":"https:\/\/trimakasi.eu\/de\/wp-json\/wp\/v2\/product"}],"about":[{"href":"https:\/\/trimakasi.eu\/de\/wp-json\/wp\/v2\/types\/product"}],"replies":[{"embeddable":true,"href":"https:\/\/trimakasi.eu\/de\/wp-json\/wp\/v2\/comments?post=118938"}],"wp:featuredmedia":[{"embeddable":true,"href":"https:\/\/trimakasi.eu\/de\/wp-json\/wp\/v2\/media\/119133"}],"wp:attachment":[{"href":"https:\/\/trimakasi.eu\/de\/wp-json\/wp\/v2\/media?parent=118938"}],"wp:term":[{"taxonomy":"product_brand","embeddable":true,"href":"https:\/\/trimakasi.eu\/de\/wp-json\/wp\/v2\/product_brand?post=118938"},{"taxonomy":"product_cat","embeddable":true,"href":"https:\/\/trimakasi.eu\/de\/wp-json\/wp\/v2\/product_cat?post=118938"},{"taxonomy":"product_tag","embeddable":true,"href":"https:\/\/trimakasi.eu\/de\/wp-json\/wp\/v2\/product_tag?post=118938"}],"curies":[{"name":"wp","href":"https:\/\/api.w.org\/{rel}","templated":true}]}}