{"id":118572,"date":"2019-12-22T22:21:50","date_gmt":"2019-12-22T21:21:50","guid":{"rendered":"https:\/\/trimakasi.eu\/?post_type=product&#038;p=118572"},"modified":"2025-01-11T23:44:51","modified_gmt":"2025-01-11T22:44:51","slug":"majesty-damen-armband","status":"publish","type":"product","link":"https:\/\/trimakasi.eu\/de\/product\/majesty-womens-bracelet\/","title":{"rendered":"Damenarmband Majesty"},"content":{"rendered":"<h3>Edelstahl mit echter Ros\u00e9gold Beschichtung<\/h3>\n<p>Aufgrund seiner H\u00e4rte und Haltbarkeit ist Edelstahl ein gro\u00dfartiges Metall f\u00fcr Schmuck.<\/p>\n<p>Die PVD-Beschichtung ist dank ihrer hohen Best\u00e4ndigkeit gegen Abrieb, Temperaturanomalien und Korrosion ein wertvolles Material f\u00fcr Armb\u00e4nder.<\/p>\n<h3>Rubin<\/h3>\n<p>Rubin ist wie der blaue Saphir eine Variet\u00e4t von Korundmineral - Aluminiumoxidsilikat, das durch die Zugabe von Chrom, Eisen und Titan seine Farbe ge\u00e4dert hat.<\/p>\n<p>Die intensive Energie sch\u00e4rft den Geist, erweitert das Bewusstsein und steigt die Konzentration an. Der Rubin f\u00f6rdert den Mut und hilft, die Angst vor \u00fcbernat\u00fcrlichen Dingen und Albtr\u00e4umen zu beseitigen. Er kann auch Kreativit\u00e4t anregen und die verschlossene T\u00fcr im menschlichen Geist \u00f6ffnen, die uns sonst verborgen bleiben w\u00fcrden.<\/p>\n<p>Laut Legenden brennt im Rubin ein ewiges Feuer, das negative Menschen, Manipulatoren und emotionale Vampire aus unserer Umgebung abschrecken kann. Es wird auch angenommen, dass die Feuerkraft des Rubins das Haus vor Eindringlingen und b\u00f6sen M\u00e4chten sch\u00fctzen kann. Hinduisten glauben, dass das rote Leuchten von Rubin von einer ewigen Flamme herr\u00fchrt, die von keinem sterblichen  Wesen gel\u00f6scht werden kann. F\u00fcr Buddhisten ist Rubin das wertvollste Geschenk, das Buddha ehrt.<\/p>\n<p>Wie der Granat ist der Rubin als Stein der Leidenschaft bekannt. Es unterst\u00fctzt k\u00f6rperliche Liebe unter Liebenden und stimuliert die sexuelle Leidenschaft. Berichten zufolge wirkt Rubin auch als Aphrodisiakum f\u00fcr M\u00e4nner.<\/p>\n<h3>Tansanit<\/h3>\n<p>Tansanit ist ein relativ seltenes und teures Mineral, das nur an einem Ort der Welt: Merelani Hills in Tansanien zu fiden ist. Es wurde im Jahr 1967 entdeckt und nach dem Herkunftsland benannt. Es ist eine blaue Variante des Minerals Zoisit und kommt in Schattierungen von Ultramarinblau bis Hellviolett-Grau-Blau vor.<\/p>\n<p>Aufgrund der j\u00fcngsten Entdeckung gibt es keine traditionellen historischen Legenden, die mit diesem Edelstein verbunden sind. Es wird jedoch angenommen, dass dieses Mineral geistige F\u00e4higkeiten stimuliert und verst\u00e4rkt unsere Intuition. Es hilft uns auch, sich mit unseren spirituellen Begleitern zu verbinden.<\/p>\n<p>Aus spiritueller Sicht ist dieses Mineral auch als \u201eStein der Transformation\u201c bekannt, der es uns erm\u00f6glicht, Depressionen loszuwerden, Karma zu reinigen und mit Optimismus und Inspiration voranzukommen. Es hilft, die menschliche Psyche auf emotionaler Ebene auszugleichen, und es ist auch ein gro\u00dfartiger Stein, um einen tiefen Meditationszustand herbeizuf\u00fchren.<\/p>\n<p>Herkunftsland: <strong>Birma<\/strong><\/p>\n<p>Element: <strong>Feuer, Luft, \u00c4ther<\/strong><\/p>\n<p>Sternzeichen: <strong>L\u00f6we, Skorpion, Krebs, Sch\u00fctze, Fische, Widder, Zwillinge, Waage, Wassermann<\/strong><\/p>\n<p>Das Armband harmonisiert das Wurzel-Chakra, das Hals-Chakra, das Chakra des dritten Auges, das Herz-Chakra und das Kronen-Chakra<\/p>\n<p><a href=\"https:\/\/trimakasi.eu\/wp-content\/uploads\/\u010dakra1.jpg\"><img loading=\"lazy\" decoding=\"async\" class=\"alignnone size-full wp-image-138513\" src=\"https:\/\/trimakasi.eu\/wp-content\/uploads\/\u010dakra1.jpg\" alt=\"Wurzelchakra\" width=\"81\" height=\"88\" srcset=\"https:\/\/trimakasi.eu\/wp-content\/uploads\/\u010dakra1.jpg 81w, https:\/\/trimakasi.eu\/wp-content\/uploads\/\u010dakra1-11x12.jpg 11w\" sizes=\"auto, (max-width: 81px) 100vw, 81px\" \/><\/a><a href=\"https:\/\/trimakasi.eu\/wp-content\/uploads\/2020\/07\/\u010dakra4.jpg\"><img loading=\"lazy\" decoding=\"async\" class=\"alignnone size-full wp-image-83566\" src=\"https:\/\/trimakasi.eu\/wp-content\/uploads\/2020\/07\/\u010dakra4.jpg\" alt=\"Herzchakra\" width=\"79\" height=\"93\" srcset=\"https:\/\/trimakasi.eu\/wp-content\/uploads\/2020\/07\/\u010dakra4.jpg 79w, https:\/\/trimakasi.eu\/wp-content\/uploads\/2020\/07\/\u010dakra4-10x12.jpg 10w\" sizes=\"auto, (max-width: 79px) 100vw, 79px\" \/><\/a><a href=\"https:\/\/trimakasi.eu\/wp-content\/uploads\/\u010dakra5.jpg\"><img loading=\"lazy\" decoding=\"async\" class=\"alignnone size-full wp-image-138515\" src=\"https:\/\/trimakasi.eu\/wp-content\/uploads\/\u010dakra5.jpg\" alt=\"Halschakra\" width=\"81\" height=\"87\" srcset=\"https:\/\/trimakasi.eu\/wp-content\/uploads\/\u010dakra5.jpg 81w, https:\/\/trimakasi.eu\/wp-content\/uploads\/\u010dakra5-11x12.jpg 11w\" sizes=\"auto, (max-width: 81px) 100vw, 81px\" \/><\/a><a href=\"https:\/\/trimakasi.eu\/wp-content\/uploads\/\u010dakra6.jpg\"><img loading=\"lazy\" decoding=\"async\" class=\"alignnone size-full wp-image-138516\" src=\"https:\/\/trimakasi.eu\/wp-content\/uploads\/\u010dakra6.jpg\" alt=\"Chakra des dritten Auges\" width=\"103\" height=\"98\" srcset=\"https:\/\/trimakasi.eu\/wp-content\/uploads\/\u010dakra6.jpg 103w, https:\/\/trimakasi.eu\/wp-content\/uploads\/\u010dakra6-13x12.jpg 13w\" sizes=\"auto, (max-width: 103px) 100vw, 103px\" \/><\/a><a href=\"https:\/\/trimakasi.eu\/wp-content\/uploads\/crown-chakra.jpg\"><img loading=\"lazy\" decoding=\"async\" class=\"alignnone size-full wp-image-132743\" src=\"https:\/\/trimakasi.eu\/wp-content\/uploads\/crown-chakra.jpg\" alt=\"\" width=\"92\" height=\"102\" srcset=\"https:\/\/trimakasi.eu\/wp-content\/uploads\/crown-chakra.jpg 92w, https:\/\/trimakasi.eu\/wp-content\/uploads\/crown-chakra-11x12.jpg 11w\" sizes=\"auto, (max-width: 92px) 100vw, 92px\" \/><\/a><\/p>\n<p><a href=\"https:\/\/trimakasi.eu\/de\/vlog\/\"><u>Besuchen Sie unseren Video-Blog und entdecken Sie die Verbindung zwischen Edelsteinen, Steinzeichen, Chakren und vieles mehr.<\/u><\/a><\/p>","protected":false},"excerpt":{"rendered":"<p>Luxuri\u00f6ses Armband aus einer Kombination von mystisch gef\u00e4rbtem Tansanit namens \u201eK\u00f6nig der Edelsteine\u201c und einem seltenen Rubin, der als \u201eStein der K\u00f6nige\u201c bezeichnet wird. Hochwertiger Edelstahl mit sehr haltbarer PVD-Beschichtung aus echtem Gold.<\/p>\n<p>W\u00e4hlen Sie Armb\u00e4nder entsprechend der Gr\u00f6\u00dfe Ihres Handgelenkumfangs aus.\u00a0<a href=\"https:\/\/trimakasi.eu\/de\/wie-man-die-armbandgrose-wahlt\/\">Anweisungen zur korrekten Bestimmung der Gr\u00f6\u00dfe finden Sie hier.<\/a>\u00a0Die luxuri\u00f6se schwarze Verpackung ist f\u00fcr Sie kostenlos!<\/p>","protected":false},"featured_media":118582,"comment_status":"open","ping_status":"closed","template":"","meta":{"_acf_changed":false,"_themeisle_gutenberg_block_has_review":false},"product_brand":[],"product_cat":[1714,1687,568,1316,553],"product_tag":[],"class_list":{"0":"post-118572","1":"product","2":"type-product","3":"status-publish","4":"has-post-thumbnail","6":"product_cat-jewellery-discounts","7":"product_cat-elastic-bracelets","8":"product_cat-premium-bracelets-for-women","9":"product_cat-rare-gemstone-bracelets","10":"product_cat-womens-jewellery","12":"first","13":"outofstock","14":"sale","15":"taxable","16":"shipping-taxable","17":"purchasable","18":"product-type-variable","19":"has-default-attributes"},"acf":[],"_links":{"self":[{"href":"https:\/\/trimakasi.eu\/de\/wp-json\/wp\/v2\/product\/118572","targetHints":{"allow":["GET"]}}],"collection":[{"href":"https:\/\/trimakasi.eu\/de\/wp-json\/wp\/v2\/product"}],"about":[{"href":"https:\/\/trimakasi.eu\/de\/wp-json\/wp\/v2\/types\/product"}],"replies":[{"embeddable":true,"href":"https:\/\/trimakasi.eu\/de\/wp-json\/wp\/v2\/comments?post=118572"}],"wp:featuredmedia":[{"embeddable":true,"href":"https:\/\/trimakasi.eu\/de\/wp-json\/wp\/v2\/media\/118582"}],"wp:attachment":[{"href":"https:\/\/trimakasi.eu\/de\/wp-json\/wp\/v2\/media?parent=118572"}],"wp:term":[{"taxonomy":"product_brand","embeddable":true,"href":"https:\/\/trimakasi.eu\/de\/wp-json\/wp\/v2\/product_brand?post=118572"},{"taxonomy":"product_cat","embeddable":true,"href":"https:\/\/trimakasi.eu\/de\/wp-json\/wp\/v2\/product_cat?post=118572"},{"taxonomy":"product_tag","embeddable":true,"href":"https:\/\/trimakasi.eu\/de\/wp-json\/wp\/v2\/product_tag?post=118572"}],"curies":[{"name":"wp","href":"https:\/\/api.w.org\/{rel}","templated":true}]}}