{"id":118212,"date":"2020-12-20T23:14:00","date_gmt":"2020-12-20T22:14:00","guid":{"rendered":"https:\/\/trimakasi.eu\/?post_type=product&#038;p=118212"},"modified":"2026-02-20T07:04:18","modified_gmt":"2026-02-20T06:04:18","slug":"blau-fluorit","status":"publish","type":"product","link":"https:\/\/trimakasi.eu\/de\/product\/blue-fluorite\/","title":{"rendered":"Blaues Fluorit Armband"},"content":{"rendered":"<h3>Fluorit \u2013 Wirkung<\/h3>\n<p>Der Name dieses Steins wurde von dem lateinischen Wort \u201efluere\u201c abgeleitet, was \u201eflie\u00dfen\u201c bedeutet. Die physikalischen Eigenschaften dieses Minerals gaben den Namen auch dem Begriff Fluoreszenz (Reaktion auf die UV-Lichtstrahlen).<\/p>\n<p>Fluorit ist einer der beliebtesten kristallinen Edelsteine auf der Welt, der sowohl Geologen f\u00fcr seine F\u00e4rbung und die bemerkenswerte kubische Kristallstruktur als auch alternative Heiler f\u00fcr seine inneren Schwingungen sch\u00e4tzen. Energie des Edelsteins hat laut de Heilern sehr starke Resonanz mit dem menschlichen Geist.<\/p>\n<p>Die Energie dieses Steins kann uns Frieden und Stabilit\u00e4t bringen und dabei helfen, chaotische und zerstreute Energie zu einer h\u00f6heren Form von Koh\u00e4renz und Harmonie umzuwandeln. Fluorit ist ein unterst\u00fctzender Stein f\u00fcr das Denken, die Spiritualit\u00e4t, die Konzentration und das Gleichgewicht in allen Aspekten des Lebens. Angeblich regt es auch beide Gehirnh\u00e4mispheren an, harmonisch im Gleichgewicht zu arbeiten, was sich in der F\u00f6rderung der Kreativit\u00e4t und der logischen L\u00f6sung komplexer Probleme widerspiegeln kann.<\/p>\n<h3>Blauer Fluorit \u2013 Wirkung<\/h3>\n<p>Bringt Ordnung in den chaotischen Geist und erm\u00f6glicht eine klare Formulierung der Gedanken. Dar\u00fcber hinaus reinigt, stabilisiert und sch\u00fctzt diese Form des Fluorits die Aura, stimuliert au\u00dferdem die Aufrichtigkeit der Menschen und weckt den Sinn f\u00fcr Gerechtigkeit.<\/p>\n<p>Element: <strong>Wasser<\/strong><\/p>\n<p>Sternzeichen: <strong>Steinbock, Fische, Wassermann, Skorpion und Zwillinge<\/strong><\/p>\n<p>Armband harmonisiert das Halschakra und das Kronenchakra<br \/>\n<a href=\"https:\/\/trimakasi.eu\/wp-content\/uploads\/\u010dakra5.jpg\"><img loading=\"lazy\" decoding=\"async\" class=\"alignnone size-full wp-image-138515\" src=\"https:\/\/trimakasi.eu\/wp-content\/uploads\/\u010dakra5.jpg\" alt=\"Halschakra\" width=\"81\" height=\"87\" srcset=\"https:\/\/trimakasi.eu\/wp-content\/uploads\/\u010dakra5.jpg 81w, https:\/\/trimakasi.eu\/wp-content\/uploads\/\u010dakra5-11x12.jpg 11w\" sizes=\"auto, (max-width: 81px) 100vw, 81px\" \/><\/a><img loading=\"lazy\" decoding=\"async\" class=\"alignnone wp-image-72749\" src=\"https:\/\/trimakasi.cz\/wp-content\/uploads\/2018\/07\/\u010dakra7.jpg\" alt=\"Korunn\u00ed \u010dakra\" width=\"73\" height=\"81\" \/><\/p>\n<p><a href=\"https:\/\/trimakasi.eu\/de\/vlog\/\"><u>Besuchen Sie unseren Video-Blog und entdecken Sie die Verbindung zwischen Edelsteinen, Steinzeichen, Chakren und vieles mehr.<\/u><\/a><\/p>","protected":false},"excerpt":{"rendered":"<p>Unser blauer Fluorit wird Ihr Herz mit seiner tiefblauen Farbe und seiner au\u00dfergewohlicher Transparentenz erobern! Aufgrund seiner Struktur, Farben und metaphysischen Eigenschaften gilt dieser Halbedelstein als \u201eStein der Genies\u201c und z\u00e4hlt zu den beliebtesten Mineralien der Welt.<\/p>\n<p>W\u00e4hlen Sie ein Armband nach der Farbe von Fluorit, nach der Gr\u00f6\u00dfe des Armbands und nach der Farbe der letzten Perle.\u00a0<a href=\"https:\/\/trimakasi.eu\/de\/wie-man-die-armbandgrose-wahlt\/\">Anweisungen zur korrekten Bestimmung der Gr\u00f6\u00dfe finden Sie hier.<\/a><\/p>","protected":false},"featured_media":118227,"comment_status":"open","ping_status":"closed","template":"","meta":{"_acf_changed":false,"_themeisle_gutenberg_block_has_review":false},"product_brand":[],"product_cat":[1687,1064,1068,554,553],"product_tag":[],"class_list":{"0":"post-118212","1":"product","2":"type-product","3":"status-publish","4":"has-post-thumbnail","6":"product_cat-elastic-bracelets","7":"product_cat-mens-jewellery","8":"product_cat-natural-gemstone-bracelets-for-men","9":"product_cat-natural-gemstone-bracelets","10":"product_cat-womens-jewellery","12":"first","13":"instock","14":"featured","15":"taxable","16":"shipping-taxable","17":"purchasable","18":"product-type-variable","19":"has-default-attributes"},"acf":[],"_links":{"self":[{"href":"https:\/\/trimakasi.eu\/de\/wp-json\/wp\/v2\/product\/118212","targetHints":{"allow":["GET"]}}],"collection":[{"href":"https:\/\/trimakasi.eu\/de\/wp-json\/wp\/v2\/product"}],"about":[{"href":"https:\/\/trimakasi.eu\/de\/wp-json\/wp\/v2\/types\/product"}],"replies":[{"embeddable":true,"href":"https:\/\/trimakasi.eu\/de\/wp-json\/wp\/v2\/comments?post=118212"}],"wp:featuredmedia":[{"embeddable":true,"href":"https:\/\/trimakasi.eu\/de\/wp-json\/wp\/v2\/media\/118227"}],"wp:attachment":[{"href":"https:\/\/trimakasi.eu\/de\/wp-json\/wp\/v2\/media?parent=118212"}],"wp:term":[{"taxonomy":"product_brand","embeddable":true,"href":"https:\/\/trimakasi.eu\/de\/wp-json\/wp\/v2\/product_brand?post=118212"},{"taxonomy":"product_cat","embeddable":true,"href":"https:\/\/trimakasi.eu\/de\/wp-json\/wp\/v2\/product_cat?post=118212"},{"taxonomy":"product_tag","embeddable":true,"href":"https:\/\/trimakasi.eu\/de\/wp-json\/wp\/v2\/product_tag?post=118212"}],"curies":[{"name":"wp","href":"https:\/\/api.w.org\/{rel}","templated":true}]}}