{"id":104268,"date":"2023-03-26T19:32:47","date_gmt":"2023-03-26T17:32:47","guid":{"rendered":"https:\/\/trimakasi.eu\/?post_type=product&#038;p=104268"},"modified":"2024-08-14T12:04:19","modified_gmt":"2024-08-14T10:04:19","slug":"makramee-armband-rubin","status":"publish","type":"product","link":"https:\/\/trimakasi.eu\/de\/product\/macrame-bracelet-ruby\/","title":{"rendered":"Makramee-Armband f\u00fcr Damen \u2013 Rubin"},"content":{"rendered":"<h3>Rubin<\/h3>\n<p>Rubin ist wie der blaue Saphir eine Variet\u00e4t von Korundmineral - Aluminiumoxidsilikat, das durch die Zugabe von Chrom, Eisen und Titan seine Farbe ge\u00e4dert hat.<\/p>\n<p>Die intensive Energie sch\u00e4rft den Geist, erweitert das Bewusstsein und steigt die Konzentration an. Der Rubin f\u00f6rdert den Mut und hilft, die Angst vor \u00fcbernat\u00fcrlichen Dingen und Albtr\u00e4umen zu beseitigen. Er kann auch Kreativit\u00e4t anregen und die verschlossene T\u00fcr im menschlichen Geist \u00f6ffnen, die uns sonst verborgen bleiben w\u00fcrden.<\/p>\n<p>Laut Legenden brennt im Rubin ein ewiges Feuer, das negative Menschen, Manipulatoren und emotionale Vampire aus unserer Umgebung abschrecken kann. Es wird auch angenommen, dass die Feuerkraft des Rubins das Haus vor Eindringlingen und b\u00f6sen M\u00e4chten sch\u00fctzen kann. Hinduisten glauben, dass das rote Leuchten von Rubin von einer ewigen Flamme herr\u00fchrt, die von keinem sterblichen  Wesen gel\u00f6scht werden kann. F\u00fcr Buddhisten ist Rubin das wertvollste Geschenk, das Buddha ehrt.<\/p>\n<p>Wie der Granat ist der Rubin als Stein der Leidenschaft bekannt. Es unterst\u00fctzt k\u00f6rperliche Liebe unter Liebenden und stimuliert die sexuelle Leidenschaft. Berichten zufolge wirkt Rubin auch als Aphrodisiakum f\u00fcr M\u00e4nner.<\/p>\n<p>Herkunftsland: <strong>Birma<\/strong><\/p>\n<p>Element: <strong>Feuer<\/strong><\/p>\n<p>Sternzeichen: <strong>L\u00f6we, Skorpion, Krebs, Sch\u00fctze, Fische<\/strong><\/p>\n<p>Das Armband harmonisiert Wurzelchakra, Herzchakra und Kronenchakra<\/p>\n<p><a href=\"https:\/\/trimakasi.eu\/wp-content\/uploads\/\u010dakra1.jpg\"><img loading=\"lazy\" decoding=\"async\" class=\"alignnone size-full wp-image-138513\" src=\"https:\/\/trimakasi.eu\/wp-content\/uploads\/\u010dakra1.jpg\" alt=\"Wurzelchakra\" width=\"81\" height=\"88\" srcset=\"https:\/\/trimakasi.eu\/wp-content\/uploads\/\u010dakra1.jpg 81w, https:\/\/trimakasi.eu\/wp-content\/uploads\/\u010dakra1-11x12.jpg 11w\" sizes=\"auto, (max-width: 81px) 100vw, 81px\" \/><\/a><a href=\"https:\/\/trimakasi.eu\/wp-content\/uploads\/2020\/07\/\u010dakra4.jpg\"><img loading=\"lazy\" decoding=\"async\" class=\"alignnone size-full wp-image-83566\" src=\"https:\/\/trimakasi.eu\/wp-content\/uploads\/2020\/07\/\u010dakra4.jpg\" alt=\"Herzchakra\" width=\"79\" height=\"93\" srcset=\"https:\/\/trimakasi.eu\/wp-content\/uploads\/2020\/07\/\u010dakra4.jpg 79w, https:\/\/trimakasi.eu\/wp-content\/uploads\/2020\/07\/\u010dakra4-10x12.jpg 10w\" sizes=\"auto, (max-width: 79px) 100vw, 79px\" \/><\/a><a href=\"https:\/\/trimakasi.eu\/wp-content\/uploads\/crown-chakra.jpg\"><img loading=\"lazy\" decoding=\"async\" class=\"alignnone size-full wp-image-132743\" src=\"https:\/\/trimakasi.eu\/wp-content\/uploads\/crown-chakra.jpg\" alt=\"\" width=\"92\" height=\"102\" srcset=\"https:\/\/trimakasi.eu\/wp-content\/uploads\/crown-chakra.jpg 92w, https:\/\/trimakasi.eu\/wp-content\/uploads\/crown-chakra-11x12.jpg 11w\" sizes=\"auto, (max-width: 92px) 100vw, 92px\" \/><\/a><\/p>\n<p><a href=\"https:\/\/trimakasi.eu\/de\/vlog\/\"><u>Besuchen Sie unseren Video-Blog und entdecken Sie die Verbindung zwischen Edelsteinen, Steinzeichen, Chakren und vieles mehr.<\/u><\/a><\/p>","protected":false},"excerpt":{"rendered":"<p>Dezentes Armband f\u00fcr Damen aus hochwertiger Nylonschnur und nat\u00fcrlicher Edelsteinperle Rubin.<\/p>\n<p>Es ist in der Gr\u00f6\u00dfe verstellbar und passt daher jeder Frau.<\/p>\n<p>Erfahren Sie unten mehr \u00fcber den Ruby-Edelstein.<\/p>","protected":false},"featured_media":78950,"comment_status":"open","ping_status":"closed","template":"","meta":{"_acf_changed":false,"_themeisle_gutenberg_block_has_review":false},"product_brand":[],"product_cat":[569,1316,1689,553],"product_tag":[],"class_list":{"0":"post-104268","1":"product","2":"type-product","3":"status-publish","4":"has-post-thumbnail","6":"product_cat-minimalist-jewellery-for-women","7":"product_cat-rare-gemstone-bracelets","8":"product_cat-simple-bracelets","9":"product_cat-womens-jewellery","11":"first","12":"instock","13":"taxable","14":"shipping-taxable","15":"purchasable","16":"product-type-simple"},"acf":[],"_links":{"self":[{"href":"https:\/\/trimakasi.eu\/de\/wp-json\/wp\/v2\/product\/104268","targetHints":{"allow":["GET"]}}],"collection":[{"href":"https:\/\/trimakasi.eu\/de\/wp-json\/wp\/v2\/product"}],"about":[{"href":"https:\/\/trimakasi.eu\/de\/wp-json\/wp\/v2\/types\/product"}],"replies":[{"embeddable":true,"href":"https:\/\/trimakasi.eu\/de\/wp-json\/wp\/v2\/comments?post=104268"}],"wp:featuredmedia":[{"embeddable":true,"href":"https:\/\/trimakasi.eu\/de\/wp-json\/wp\/v2\/media\/78950"}],"wp:attachment":[{"href":"https:\/\/trimakasi.eu\/de\/wp-json\/wp\/v2\/media?parent=104268"}],"wp:term":[{"taxonomy":"product_brand","embeddable":true,"href":"https:\/\/trimakasi.eu\/de\/wp-json\/wp\/v2\/product_brand?post=104268"},{"taxonomy":"product_cat","embeddable":true,"href":"https:\/\/trimakasi.eu\/de\/wp-json\/wp\/v2\/product_cat?post=104268"},{"taxonomy":"product_tag","embeddable":true,"href":"https:\/\/trimakasi.eu\/de\/wp-json\/wp\/v2\/product_tag?post=104268"}],"curies":[{"name":"wp","href":"https:\/\/api.w.org\/{rel}","templated":true}]}}