{"id":104256,"date":"2022-07-26T15:20:31","date_gmt":"2022-07-26T13:20:31","guid":{"rendered":"https:\/\/trimakasi.eu\/?post_type=product&#038;p=104256"},"modified":"2024-08-14T12:05:37","modified_gmt":"2024-08-14T10:05:37","slug":"makramee-armband-saphir","status":"publish","type":"product","link":"https:\/\/trimakasi.eu\/de\/product\/macrame-bracelet-sapphire\/","title":{"rendered":"Makramee-Armband f\u00fcr Damen \u2013 Saphir"},"content":{"rendered":"<h3>Saphir<\/h3>\n<p>Saphir war schon immer mit dem k\u00f6niglichen Rang verbunden und erscheint sowohl in britischen als auch in tschechischen Kronjuwelen. Dieser Edelstein ist eine blaue Variante von dem Mineral Korund wie zum Beispiel roter Rubin. Man k\u00f6nnte auch sagen, dass Saphir der blaue Bruder des Rubins ist.<\/p>\n<p>Saphirhimmelblau symbolisiert Hoffnung und bringt Schutz, Gl\u00fcck und spirituelle Einsicht in unser Leben. Es ist nicht nur ein Symbol der Macht, sondern auch Freundlichkeit und Weisheit. Sapphire k\u00f6nnen Sie auf Ihren spirituellen Weg begleiten und dabei helfen, die Selbstdisziplin zu st\u00e4rken, vor allen bei T\u00e4tigkeiten, die starke Konzentration erfordern. In chaotischen Zeiten des Wandels helfen Sapphire fokussiert zu bleiben.<\/p>\n<p>Es ist auch der perfekte Mineral f\u00fcr alle, die Hilfe bei der Verwirklichung ihrer W\u00fcnschen ben\u00f6tigen, und f\u00fcr diejenigen, die Selbstdisziplin brauchen, um die Dinge, die sie begonnen haben, zu vervollst\u00e4ndigen.<br \/>\nSaphir mildert Depressionen und hellt die Stimmung auf. Es bringt Frieden, Konzentration und stellt das Gleichgewicht in K\u00f6rper und Geist wieder her. Es ist ein sehr beliebter Stein in der Reike-Lehre, und es wird angenommen, dass Sapphire die F\u00e4higkeit verst\u00e4rken, mit menschlicher Stimme zu heilen.<br \/>\nSaphir ist ein Mineral mit gro\u00dfer spiritueller Kraft, der uns hilft, das Potenzial unseres Lebens voll auszusch\u00f6pfen. Es bringt Weisheit, Wahrheit und W\u00fcrde in unsere Seelen.<\/p>\n<p>Herkunftsland: <strong>Birma<\/strong><\/p>\n<p>Element: <strong>Wasser<\/strong><\/p>\n<p>Sternzeichen: <strong>Stier, Jungfrau, L\u00f6we, Widder, Zwillinge, Fische, Sch\u00fctze<\/strong><\/p>\n<p>Armband harmonisiert Halschakra, Drittes Auge Chakra und Kronenchakra:<\/p>\n<p><a href=\"https:\/\/trimakasi.eu\/wp-content\/uploads\/\u010dakra5.jpg\"><img loading=\"lazy\" decoding=\"async\" class=\"alignnone size-full wp-image-138515\" src=\"https:\/\/trimakasi.eu\/wp-content\/uploads\/\u010dakra5.jpg\" alt=\"Halschakra\" width=\"81\" height=\"87\" srcset=\"https:\/\/trimakasi.eu\/wp-content\/uploads\/\u010dakra5.jpg 81w, https:\/\/trimakasi.eu\/wp-content\/uploads\/\u010dakra5-11x12.jpg 11w\" sizes=\"auto, (max-width: 81px) 100vw, 81px\" \/><\/a><a href=\"https:\/\/trimakasi.eu\/wp-content\/uploads\/\u010dakra6.jpg\"><img loading=\"lazy\" decoding=\"async\" class=\"alignnone size-full wp-image-138516\" src=\"https:\/\/trimakasi.eu\/wp-content\/uploads\/\u010dakra6.jpg\" alt=\"Chakra des dritten Auges\" width=\"103\" height=\"98\" srcset=\"https:\/\/trimakasi.eu\/wp-content\/uploads\/\u010dakra6.jpg 103w, https:\/\/trimakasi.eu\/wp-content\/uploads\/\u010dakra6-13x12.jpg 13w\" sizes=\"auto, (max-width: 103px) 100vw, 103px\" \/><\/a><a href=\"https:\/\/trimakasi.eu\/wp-content\/uploads\/crown-chakra.jpg\"><img loading=\"lazy\" decoding=\"async\" class=\"alignnone size-full wp-image-132743\" src=\"https:\/\/trimakasi.eu\/wp-content\/uploads\/crown-chakra.jpg\" alt=\"\" width=\"92\" height=\"102\" srcset=\"https:\/\/trimakasi.eu\/wp-content\/uploads\/crown-chakra.jpg 92w, https:\/\/trimakasi.eu\/wp-content\/uploads\/crown-chakra-11x12.jpg 11w\" sizes=\"auto, (max-width: 92px) 100vw, 92px\" \/><\/a><\/p>\n<p><a href=\"https:\/\/trimakasi.eu\/de\/vlog\/\"><u>Besuchen Sie unseren Video-Blog und entdecken Sie die Verbindung zwischen Edelsteinen, Steinzeichen, Chakren und vieles mehr.<\/u><\/a><\/p>","protected":false},"excerpt":{"rendered":"<p>Dezentes Armband f\u00fcr Damen aus hochwertiger Nylonschnur und nat\u00fcrlicher Edelsteinperle Saphir.<\/p>\n<p>Es ist in der Gr\u00f6\u00dfe verstellbar und passt daher jeder Frau.<\/p>\n<p>Erfahren Sie unten mehr \u00fcber den Saphir-Edelstein.<\/p>\n<p id=\"tw-target-text\" class=\"tw-data-text tw-text-large tw-ta\" dir=\"ltr\" data-placeholder=\"P\u0159eklad\">","protected":false},"featured_media":78948,"comment_status":"open","ping_status":"closed","template":"","meta":{"_acf_changed":false,"_themeisle_gutenberg_block_has_review":false},"product_brand":[],"product_cat":[570,569,1316,1689,553],"product_tag":[],"class_list":{"0":"post-104256","1":"product","2":"type-product","3":"status-publish","4":"has-post-thumbnail","6":"product_cat-braided-bracelets-for-women","7":"product_cat-minimalist-jewellery-for-women","8":"product_cat-rare-gemstone-bracelets","9":"product_cat-simple-bracelets","10":"product_cat-womens-jewellery","12":"first","13":"instock","14":"taxable","15":"shipping-taxable","16":"purchasable","17":"product-type-simple"},"acf":[],"_links":{"self":[{"href":"https:\/\/trimakasi.eu\/de\/wp-json\/wp\/v2\/product\/104256","targetHints":{"allow":["GET"]}}],"collection":[{"href":"https:\/\/trimakasi.eu\/de\/wp-json\/wp\/v2\/product"}],"about":[{"href":"https:\/\/trimakasi.eu\/de\/wp-json\/wp\/v2\/types\/product"}],"replies":[{"embeddable":true,"href":"https:\/\/trimakasi.eu\/de\/wp-json\/wp\/v2\/comments?post=104256"}],"wp:featuredmedia":[{"embeddable":true,"href":"https:\/\/trimakasi.eu\/de\/wp-json\/wp\/v2\/media\/78948"}],"wp:attachment":[{"href":"https:\/\/trimakasi.eu\/de\/wp-json\/wp\/v2\/media?parent=104256"}],"wp:term":[{"taxonomy":"product_brand","embeddable":true,"href":"https:\/\/trimakasi.eu\/de\/wp-json\/wp\/v2\/product_brand?post=104256"},{"taxonomy":"product_cat","embeddable":true,"href":"https:\/\/trimakasi.eu\/de\/wp-json\/wp\/v2\/product_cat?post=104256"},{"taxonomy":"product_tag","embeddable":true,"href":"https:\/\/trimakasi.eu\/de\/wp-json\/wp\/v2\/product_tag?post=104256"}],"curies":[{"name":"wp","href":"https:\/\/api.w.org\/{rel}","templated":true}]}}